{"id":378,"date":"2022-12-06T19:22:20","date_gmt":"2022-12-06T18:22:20","guid":{"rendered":"https:\/\/itemcreationstudio.com\/?page_id=378"},"modified":"2023-04-02T13:45:36","modified_gmt":"2023-04-02T11:45:36","slug":"qui-suis-je","status":"publish","type":"page","link":"https:\/\/itemcreationstudio.com\/en\/qui-suis-je\/","title":{"rendered":"Who am I"},"content":{"rendered":"<div data-elementor-type=\"wp-page\" data-elementor-id=\"378\" class=\"elementor elementor-378\" data-elementor-post-type=\"page\">\n\t\t\t\t\t\t<section class=\"elementor-section elementor-top-section elementor-element elementor-element-305957d elementor-section-boxed elementor-section-height-default elementor-section-height-default\" data-id=\"305957d\" data-element_type=\"section\">\n\t\t\t\t\t\t<div class=\"elementor-container elementor-column-gap-default\">\n\t\t\t\t\t<div class=\"elementor-column elementor-col-33 elementor-top-column elementor-element elementor-element-82b16ec elementor-hidden-tablet elementor-hidden-mobile\" data-id=\"82b16ec\" data-element_type=\"column\">\n\t\t\t<div class=\"elementor-widget-wrap elementor-element-populated\">\n\t\t\t\t\t\t<div class=\"elementor-element elementor-element-3e69798 elementor-widget elementor-widget-image\" data-id=\"3e69798\" data-element_type=\"widget\" data-widget_type=\"image.default\">\n\t\t\t\t<div class=\"elementor-widget-container\">\n\t\t\t\t\t\t\t\t\t\t\t\t\t\t\t<img fetchpriority=\"high\" decoding=\"async\" width=\"612\" height=\"612\" src=\"https:\/\/itemcreationstudio.com\/wp-content\/uploads\/2022\/12\/317664964_399628558970751_5684738646919027944_n.jpg\" class=\"attachment-medium_large size-medium_large wp-image-380\" alt=\"\" \/>\t\t\t\t\t\t\t\t\t\t\t\t\t\t\t<\/div>\n\t\t\t\t<\/div>\n\t\t\t\t\t<\/div>\n\t\t<\/div>\n\t\t\t\t<div class=\"elementor-column elementor-col-66 elementor-top-column elementor-element elementor-element-b954f1c\" data-id=\"b954f1c\" data-element_type=\"column\">\n\t\t\t<div class=\"elementor-widget-wrap elementor-element-populated\">\n\t\t\t\t\t\t<div class=\"elementor-element elementor-element-ba753be elementor-drop-cap-yes elementor-drop-cap-view-default elementor-widget elementor-widget-text-editor\" data-id=\"ba753be\" data-element_type=\"widget\" data-settings=\"{&quot;drop_cap&quot;:&quot;yes&quot;}\" data-widget_type=\"text-editor.default\">\n\t\t\t\t<div class=\"elementor-widget-container\">\n\t\t\t\t\t\t\t\t\t<p>My name is Arthur PROVOST, I have always been driven by my curiosity and my passions to try new activities, to imagine, create and commit.<\/p>\n<p>The <em>Item Creation Studio <\/em>a \u00e9merg\u00e9 en d\u00e9cembre 2021. Durant mon master de recherche en \u00e9cologie, j\u2019\u00e9tais en qu\u00eate d\u2019images de plantes d\u00e9tour\u00e9es, afin d\u2019am\u00e9liorer l\u2019esth\u00e9tique de mes pr\u00e9sentations. Malgr\u00e9 l\u2019infinit\u00e9 d\u2019images disponibles sur Internet, il m\u2019\u00e9tait quasiment impossible d\u2019en trouver qui satisfasse mes attentes. La solution&nbsp;: les r\u00e9aliser moi-m\u00eame.<\/p>\n<p>Being experienced in botany, photography and graphic design, I launched <em>Item Creation Studio<\/em> to provide you with flawless images\/items on specific topics.<\/p>\t\t\t\t\t\t\t\t<\/div>\n\t\t\t\t<\/div>\n\t\t\t\t\t<\/div>\n\t\t<\/div>\n\t\t\t\t\t<\/div>\n\t\t<\/section>\n\t\t\t\t<section class=\"elementor-section elementor-top-section elementor-element elementor-element-26e7643 elementor-section-boxed elementor-section-height-default elementor-section-height-default\" data-id=\"26e7643\" data-element_type=\"section\" data-settings=\"{&quot;background_background&quot;:&quot;classic&quot;}\">\n\t\t\t\t\t\t<div class=\"elementor-container elementor-column-gap-default\">\n\t\t\t\t\t<div class=\"elementor-column elementor-col-100 elementor-top-column elementor-element elementor-element-aca8256\" data-id=\"aca8256\" data-element_type=\"column\">\n\t\t\t<div class=\"elementor-widget-wrap elementor-element-populated\">\n\t\t\t\t\t\t<div class=\"elementor-element elementor-element-2746410 elementor-widget elementor-widget-heading\" data-id=\"2746410\" data-element_type=\"widget\" data-widget_type=\"heading.default\">\n\t\t\t\t<div class=\"elementor-widget-container\">\n\t\t\t\t\t<h2 class=\"elementor-heading-title elementor-size-default\">My activities<\/h2>\t\t\t\t<\/div>\n\t\t\t\t<\/div>\n\t\t\t\t\t<\/div>\n\t\t<\/div>\n\t\t\t\t\t<\/div>\n\t\t<\/section>\n\t\t\t\t<section class=\"elementor-section elementor-top-section elementor-element elementor-element-4bd05c2 elementor-section-boxed elementor-section-height-default elementor-section-height-default\" data-id=\"4bd05c2\" data-element_type=\"section\" data-settings=\"{&quot;background_background&quot;:&quot;classic&quot;}\">\n\t\t\t\t\t\t\t<div class=\"elementor-background-overlay\"><\/div>\n\t\t\t\t\t\t\t<div class=\"elementor-container elementor-column-gap-default\">\n\t\t\t\t\t<div class=\"elementor-column elementor-col-25 elementor-top-column elementor-element elementor-element-9dba647\" data-id=\"9dba647\" data-element_type=\"column\">\n\t\t\t<div class=\"elementor-widget-wrap elementor-element-populated\">\n\t\t\t\t\t\t<div class=\"elementor-element elementor-element-f8d8c03 elementor-widget elementor-widget-image\" data-id=\"f8d8c03\" data-element_type=\"widget\" data-widget_type=\"image.default\">\n\t\t\t\t<div class=\"elementor-widget-container\">\n\t\t\t\t\t\t\t\t\t\t\t\t\t\t\t<img decoding=\"async\" width=\"150\" height=\"150\" src=\"https:\/\/itemcreationstudio.com\/wp-content\/uploads\/2023\/02\/Botrychium-lunaria-8-500-x-500-150x150.png\" class=\"attachment-thumbnail size-thumbnail wp-image-1035\" alt=\"Botrichium lunaria\" \/>\t\t\t\t\t\t\t\t\t\t\t\t\t\t\t<\/div>\n\t\t\t\t<\/div>\n\t\t\t\t<div class=\"elementor-element elementor-element-18494c9 elementor-widget elementor-widget-text-editor\" data-id=\"18494c9\" data-element_type=\"widget\" data-widget_type=\"text-editor.default\">\n\t\t\t\t<div class=\"elementor-widget-container\">\n\t\t\t\t\t\t\t\t\t<h1>Botany<\/h1>\t\t\t\t\t\t\t\t<\/div>\n\t\t\t\t<\/div>\n\t\t\t\t\t<\/div>\n\t\t<\/div>\n\t\t\t\t<div class=\"elementor-column elementor-col-25 elementor-top-column elementor-element elementor-element-7afee55\" data-id=\"7afee55\" data-element_type=\"column\">\n\t\t\t<div class=\"elementor-widget-wrap elementor-element-populated\">\n\t\t\t\t\t\t<div class=\"elementor-element elementor-element-f0eee75 elementor-widget elementor-widget-image\" data-id=\"f0eee75\" data-element_type=\"widget\" data-widget_type=\"image.default\">\n\t\t\t\t<div class=\"elementor-widget-container\">\n\t\t\t\t\t\t\t\t\t\t\t\t\t\t\t<img decoding=\"async\" width=\"150\" height=\"150\" src=\"https:\/\/itemcreationstudio.com\/wp-content\/uploads\/2023\/02\/hanny-naibaho-3savqescr8-unsplash-500-x-500-150x150.png\" class=\"attachment-thumbnail size-thumbnail wp-image-1032\" alt=\"Photography\" \/>\t\t\t\t\t\t\t\t\t\t\t\t\t\t\t<\/div>\n\t\t\t\t<\/div>\n\t\t\t\t<div class=\"elementor-element elementor-element-afa6b26 elementor-widget elementor-widget-text-editor\" data-id=\"afa6b26\" data-element_type=\"widget\" data-widget_type=\"text-editor.default\">\n\t\t\t\t<div class=\"elementor-widget-container\">\n\t\t\t\t\t\t\t\t\t<h1>Photography<\/h1>\t\t\t\t\t\t\t\t<\/div>\n\t\t\t\t<\/div>\n\t\t\t\t\t<\/div>\n\t\t<\/div>\n\t\t\t\t<div class=\"elementor-column elementor-col-25 elementor-top-column elementor-element elementor-element-0feb652\" data-id=\"0feb652\" data-element_type=\"column\">\n\t\t\t<div class=\"elementor-widget-wrap elementor-element-populated\">\n\t\t\t\t\t\t<div class=\"elementor-element elementor-element-94d3f58 elementor-widget elementor-widget-image\" data-id=\"94d3f58\" data-element_type=\"widget\" data-widget_type=\"image.default\">\n\t\t\t\t<div class=\"elementor-widget-container\">\n\t\t\t\t\t\t\t\t\t\t\t\t\t\t\t<img loading=\"lazy\" decoding=\"async\" width=\"150\" height=\"150\" src=\"https:\/\/itemcreationstudio.com\/wp-content\/uploads\/2023\/02\/D7500009221-6-aa-X-aa-150x150.png\" class=\"attachment-thumbnail size-thumbnail wp-image-1037\" alt=\"Aiguilles d&#039;Arves\" \/>\t\t\t\t\t\t\t\t\t\t\t\t\t\t\t<\/div>\n\t\t\t\t<\/div>\n\t\t\t\t<div class=\"elementor-element elementor-element-3604466 elementor-widget elementor-widget-text-editor\" data-id=\"3604466\" data-element_type=\"widget\" data-widget_type=\"text-editor.default\">\n\t\t\t\t<div class=\"elementor-widget-container\">\n\t\t\t\t\t\t\t\t\t<h1>Outdoor<\/h1>\t\t\t\t\t\t\t\t<\/div>\n\t\t\t\t<\/div>\n\t\t\t\t\t<\/div>\n\t\t<\/div>\n\t\t\t\t<div class=\"elementor-column elementor-col-25 elementor-top-column elementor-element elementor-element-428bcff\" data-id=\"428bcff\" data-element_type=\"column\">\n\t\t\t<div class=\"elementor-widget-wrap elementor-element-populated\">\n\t\t\t\t\t\t<div class=\"elementor-element elementor-element-cd96b26 elementor-widget elementor-widget-image\" data-id=\"cd96b26\" data-element_type=\"widget\" data-widget_type=\"image.default\">\n\t\t\t\t<div class=\"elementor-widget-container\">\n\t\t\t\t\t\t\t\t\t\t\t\t\t\t\t<img loading=\"lazy\" decoding=\"async\" width=\"150\" height=\"150\" src=\"https:\/\/itemcreationstudio.com\/wp-content\/uploads\/2023\/02\/ESM_output-500-x-500-150x150.png\" class=\"attachment-thumbnail size-thumbnail wp-image-1044\" alt=\"Science\" \/>\t\t\t\t\t\t\t\t\t\t\t\t\t\t\t<\/div>\n\t\t\t\t<\/div>\n\t\t\t\t<div class=\"elementor-element elementor-element-2f7bf32 elementor-widget elementor-widget-text-editor\" data-id=\"2f7bf32\" data-element_type=\"widget\" data-widget_type=\"text-editor.default\">\n\t\t\t\t<div class=\"elementor-widget-container\">\n\t\t\t\t\t\t\t\t\t<h1>Science<\/h1>\t\t\t\t\t\t\t\t<\/div>\n\t\t\t\t<\/div>\n\t\t\t\t\t<\/div>\n\t\t<\/div>\n\t\t\t\t\t<\/div>\n\t\t<\/section>\n\t\t\t\t<section class=\"elementor-section elementor-top-section elementor-element elementor-element-cb4ae44 elementor-section-boxed elementor-section-height-default elementor-section-height-default\" data-id=\"cb4ae44\" data-element_type=\"section\">\n\t\t\t\t\t\t<div class=\"elementor-container elementor-column-gap-default\">\n\t\t\t\t\t<div class=\"elementor-column elementor-col-100 elementor-top-column elementor-element elementor-element-faa6b20\" data-id=\"faa6b20\" data-element_type=\"column\">\n\t\t\t<div class=\"elementor-widget-wrap elementor-element-populated\">\n\t\t\t\t\t\t<div class=\"elementor-element elementor-element-6596e9d elementor-align-center elementor-widget elementor-widget-button\" data-id=\"6596e9d\" data-element_type=\"widget\" data-widget_type=\"button.default\">\n\t\t\t\t<div class=\"elementor-widget-container\">\n\t\t\t\t\t\t\t\t\t<div class=\"elementor-button-wrapper\">\n\t\t\t\t\t<a class=\"elementor-button elementor-button-link elementor-size-md\" href=\"https:\/\/itemcreationstudio.com\/en\/contact\/\">\n\t\t\t\t\t\t<span class=\"elementor-button-content-wrapper\">\n\t\t\t\t\t\t\t\t\t<span class=\"elementor-button-text\">Contact me<\/span>\n\t\t\t\t\t<\/span>\n\t\t\t\t\t<\/a>\n\t\t\t\t<\/div>\n\t\t\t\t\t\t\t\t<\/div>\n\t\t\t\t<\/div>\n\t\t\t\t\t<\/div>\n\t\t<\/div>\n\t\t\t\t\t<\/div>\n\t\t<\/section>\n\t\t\t\t<\/div>","protected":false},"excerpt":{"rendered":"<p>Je m\u2019appelle Arthur PROVOST, ma curiosit\u00e9 et mes passions m\u2019ont toujours motiv\u00e9 au quotidien pour essayer de nouvelles activit\u00e9s, imaginer, cr\u00e9er et m\u2019engager. L\u2019id\u00e9e du projet Item Creation Studio a \u00e9merg\u00e9 en d\u00e9cembre 2021. Durant mon master de recherche en \u00e9cologie, j\u2019\u00e9tais en qu\u00eate d\u2019images de plantes d\u00e9tour\u00e9es, afin d\u2019am\u00e9liorer l\u2019esth\u00e9tique de mes pr\u00e9sentations. Malgr\u00e9 [&hellip;]<\/p>","protected":false},"author":1,"featured_media":0,"parent":0,"menu_order":0,"comment_status":"closed","ping_status":"closed","template":"","meta":{"footnotes":""},"class_list":["post-378","page","type-page","status-publish","hentry"],"yoast_head":"<!-- This site is optimized with the Yoast SEO plugin v27.3 - https:\/\/yoast.com\/product\/yoast-seo-wordpress\/ -->\n<title>Qui je suis - Item Creation Studio<\/title>\n<meta name=\"robots\" content=\"index, follow, max-snippet:-1, max-image-preview:large, max-video-preview:-1\" \/>\n<link rel=\"canonical\" href=\"https:\/\/itemcreationstudio.com\/en\/who-am-i\/\" \/>\n<meta property=\"og:locale\" content=\"en_GB\" \/>\n<meta property=\"og:type\" content=\"article\" \/>\n<meta property=\"og:title\" content=\"Qui je suis - Item Creation Studio\" \/>\n<meta property=\"og:description\" content=\"Je m\u2019appelle Arthur PROVOST, ma curiosit\u00e9 et mes passions m\u2019ont toujours motiv\u00e9 au quotidien pour essayer de nouvelles activit\u00e9s, imaginer, cr\u00e9er et m\u2019engager. L\u2019id\u00e9e du projet Item Creation Studio a \u00e9merg\u00e9 en d\u00e9cembre 2021. Durant mon master de recherche en \u00e9cologie, j\u2019\u00e9tais en qu\u00eate d\u2019images de plantes d\u00e9tour\u00e9es, afin d\u2019am\u00e9liorer l\u2019esth\u00e9tique de mes pr\u00e9sentations. Malgr\u00e9 [&hellip;]\" \/>\n<meta property=\"og:url\" content=\"https:\/\/itemcreationstudio.com\/en\/who-am-i\/\" \/>\n<meta property=\"og:site_name\" content=\"Item Creation Studio\" \/>\n<meta property=\"article:publisher\" content=\"https:\/\/www.facebook.com\/profile.php?id=100086483683099\" \/>\n<meta property=\"article:modified_time\" content=\"2023-04-02T11:45:36+00:00\" \/>\n<meta property=\"og:image\" content=\"https:\/\/itemcreationstudio.com\/wp-content\/uploads\/2022\/12\/317664964_399628558970751_5684738646919027944_n.jpg\" \/>\n<meta name=\"twitter:card\" content=\"summary_large_image\" \/>\n<meta name=\"twitter:label1\" content=\"Estimated reading time\" \/>\n\t<meta name=\"twitter:data1\" content=\"2 minutes\" \/>\n<script type=\"application\/ld+json\" class=\"yoast-schema-graph\">{\"@context\":\"https:\\\/\\\/schema.org\",\"@graph\":[{\"@type\":\"WebPage\",\"@id\":\"https:\\\/\\\/itemcreationstudio.com\\\/who-am-i\\\/\",\"url\":\"https:\\\/\\\/itemcreationstudio.com\\\/who-am-i\\\/\",\"name\":\"Qui je suis - Item Creation Studio\",\"isPartOf\":{\"@id\":\"https:\\\/\\\/itemcreationstudio.com\\\/#website\"},\"primaryImageOfPage\":{\"@id\":\"https:\\\/\\\/itemcreationstudio.com\\\/who-am-i\\\/#primaryimage\"},\"image\":{\"@id\":\"https:\\\/\\\/itemcreationstudio.com\\\/who-am-i\\\/#primaryimage\"},\"thumbnailUrl\":\"https:\\\/\\\/itemcreationstudio.com\\\/wp-content\\\/uploads\\\/2022\\\/12\\\/317664964_399628558970751_5684738646919027944_n.jpg\",\"datePublished\":\"2022-12-06T18:22:20+00:00\",\"dateModified\":\"2023-04-02T11:45:36+00:00\",\"breadcrumb\":{\"@id\":\"https:\\\/\\\/itemcreationstudio.com\\\/who-am-i\\\/#breadcrumb\"},\"inLanguage\":\"en-GB\",\"potentialAction\":[{\"@type\":\"ReadAction\",\"target\":[\"https:\\\/\\\/itemcreationstudio.com\\\/who-am-i\\\/\"]}]},{\"@type\":\"ImageObject\",\"inLanguage\":\"en-GB\",\"@id\":\"https:\\\/\\\/itemcreationstudio.com\\\/who-am-i\\\/#primaryimage\",\"url\":\"https:\\\/\\\/itemcreationstudio.com\\\/wp-content\\\/uploads\\\/2022\\\/12\\\/317664964_399628558970751_5684738646919027944_n.jpg\",\"contentUrl\":\"https:\\\/\\\/itemcreationstudio.com\\\/wp-content\\\/uploads\\\/2022\\\/12\\\/317664964_399628558970751_5684738646919027944_n.jpg\"},{\"@type\":\"BreadcrumbList\",\"@id\":\"https:\\\/\\\/itemcreationstudio.com\\\/who-am-i\\\/#breadcrumb\",\"itemListElement\":[{\"@type\":\"ListItem\",\"position\":1,\"name\":\"Accueil\",\"item\":\"https:\\\/\\\/itemcreationstudio.com\\\/\"},{\"@type\":\"ListItem\",\"position\":2,\"name\":\"Qui je suis\"}]},{\"@type\":\"WebSite\",\"@id\":\"https:\\\/\\\/itemcreationstudio.com\\\/#website\",\"url\":\"https:\\\/\\\/itemcreationstudio.com\\\/\",\"name\":\"Item Creation Studio\",\"description\":\"Unique digital assets\",\"publisher\":{\"@id\":\"https:\\\/\\\/itemcreationstudio.com\\\/#organization\"},\"potentialAction\":[{\"@type\":\"SearchAction\",\"target\":{\"@type\":\"EntryPoint\",\"urlTemplate\":\"https:\\\/\\\/itemcreationstudio.com\\\/?s={search_term_string}\"},\"query-input\":{\"@type\":\"PropertyValueSpecification\",\"valueRequired\":true,\"valueName\":\"search_term_string\"}}],\"inLanguage\":\"en-GB\"},{\"@type\":\"Organization\",\"@id\":\"https:\\\/\\\/itemcreationstudio.com\\\/#organization\",\"name\":\"Item Creation Studio\",\"url\":\"https:\\\/\\\/itemcreationstudio.com\\\/\",\"logo\":{\"@type\":\"ImageObject\",\"inLanguage\":\"en-GB\",\"@id\":\"https:\\\/\\\/itemcreationstudio.com\\\/#\\\/schema\\\/logo\\\/image\\\/\",\"url\":\"https:\\\/\\\/itemcreationstudio.com\\\/wp-content\\\/uploads\\\/2022\\\/12\\\/logoSitePetit.png\",\"contentUrl\":\"https:\\\/\\\/itemcreationstudio.com\\\/wp-content\\\/uploads\\\/2022\\\/12\\\/logoSitePetit.png\",\"width\":500,\"height\":280,\"caption\":\"Item Creation Studio\"},\"image\":{\"@id\":\"https:\\\/\\\/itemcreationstudio.com\\\/#\\\/schema\\\/logo\\\/image\\\/\"},\"sameAs\":[\"https:\\\/\\\/www.facebook.com\\\/profile.php?id=100086483683099\",\"https:\\\/\\\/www.behance.net\\\/itemcreationstudio\",\"https:\\\/\\\/www.instagram.com\\\/item_creation_studio\"]}]}<\/script>\n<!-- \/ Yoast SEO plugin. -->","yoast_head_json":{"title":"Qui je suis - Item Creation Studio","robots":{"index":"index","follow":"follow","max-snippet":"max-snippet:-1","max-image-preview":"max-image-preview:large","max-video-preview":"max-video-preview:-1"},"canonical":"https:\/\/itemcreationstudio.com\/en\/who-am-i\/","og_locale":"en_GB","og_type":"article","og_title":"Qui je suis - Item Creation Studio","og_description":"Je m\u2019appelle Arthur PROVOST, ma curiosit\u00e9 et mes passions m\u2019ont toujours motiv\u00e9 au quotidien pour essayer de nouvelles activit\u00e9s, imaginer, cr\u00e9er et m\u2019engager. L\u2019id\u00e9e du projet Item Creation Studio a \u00e9merg\u00e9 en d\u00e9cembre 2021. Durant mon master de recherche en \u00e9cologie, j\u2019\u00e9tais en qu\u00eate d\u2019images de plantes d\u00e9tour\u00e9es, afin d\u2019am\u00e9liorer l\u2019esth\u00e9tique de mes pr\u00e9sentations. Malgr\u00e9 [&hellip;]","og_url":"https:\/\/itemcreationstudio.com\/en\/who-am-i\/","og_site_name":"Item Creation Studio","article_publisher":"https:\/\/www.facebook.com\/profile.php?id=100086483683099","article_modified_time":"2023-04-02T11:45:36+00:00","og_image":[{"url":"https:\/\/itemcreationstudio.com\/wp-content\/uploads\/2022\/12\/317664964_399628558970751_5684738646919027944_n.jpg","type":"","width":"","height":""}],"twitter_card":"summary_large_image","twitter_misc":{"Estimated reading time":"2 minutes"},"schema":{"@context":"https:\/\/schema.org","@graph":[{"@type":"WebPage","@id":"https:\/\/itemcreationstudio.com\/who-am-i\/","url":"https:\/\/itemcreationstudio.com\/who-am-i\/","name":"Qui je suis - Item Creation Studio","isPartOf":{"@id":"https:\/\/itemcreationstudio.com\/#website"},"primaryImageOfPage":{"@id":"https:\/\/itemcreationstudio.com\/who-am-i\/#primaryimage"},"image":{"@id":"https:\/\/itemcreationstudio.com\/who-am-i\/#primaryimage"},"thumbnailUrl":"https:\/\/itemcreationstudio.com\/wp-content\/uploads\/2022\/12\/317664964_399628558970751_5684738646919027944_n.jpg","datePublished":"2022-12-06T18:22:20+00:00","dateModified":"2023-04-02T11:45:36+00:00","breadcrumb":{"@id":"https:\/\/itemcreationstudio.com\/who-am-i\/#breadcrumb"},"inLanguage":"en-GB","potentialAction":[{"@type":"ReadAction","target":["https:\/\/itemcreationstudio.com\/who-am-i\/"]}]},{"@type":"ImageObject","inLanguage":"en-GB","@id":"https:\/\/itemcreationstudio.com\/who-am-i\/#primaryimage","url":"https:\/\/itemcreationstudio.com\/wp-content\/uploads\/2022\/12\/317664964_399628558970751_5684738646919027944_n.jpg","contentUrl":"https:\/\/itemcreationstudio.com\/wp-content\/uploads\/2022\/12\/317664964_399628558970751_5684738646919027944_n.jpg"},{"@type":"BreadcrumbList","@id":"https:\/\/itemcreationstudio.com\/who-am-i\/#breadcrumb","itemListElement":[{"@type":"ListItem","position":1,"name":"Accueil","item":"https:\/\/itemcreationstudio.com\/"},{"@type":"ListItem","position":2,"name":"Qui je suis"}]},{"@type":"WebSite","@id":"https:\/\/itemcreationstudio.com\/#website","url":"https:\/\/itemcreationstudio.com\/","name":"Item Creation Studio","description":"Unique digital assets","publisher":{"@id":"https:\/\/itemcreationstudio.com\/#organization"},"potentialAction":[{"@type":"SearchAction","target":{"@type":"EntryPoint","urlTemplate":"https:\/\/itemcreationstudio.com\/?s={search_term_string}"},"query-input":{"@type":"PropertyValueSpecification","valueRequired":true,"valueName":"search_term_string"}}],"inLanguage":"en-GB"},{"@type":"Organization","@id":"https:\/\/itemcreationstudio.com\/#organization","name":"Item Creation Studio","url":"https:\/\/itemcreationstudio.com\/","logo":{"@type":"ImageObject","inLanguage":"en-GB","@id":"https:\/\/itemcreationstudio.com\/#\/schema\/logo\/image\/","url":"https:\/\/itemcreationstudio.com\/wp-content\/uploads\/2022\/12\/logoSitePetit.png","contentUrl":"https:\/\/itemcreationstudio.com\/wp-content\/uploads\/2022\/12\/logoSitePetit.png","width":500,"height":280,"caption":"Item Creation Studio"},"image":{"@id":"https:\/\/itemcreationstudio.com\/#\/schema\/logo\/image\/"},"sameAs":["https:\/\/www.facebook.com\/profile.php?id=100086483683099","https:\/\/www.behance.net\/itemcreationstudio","https:\/\/www.instagram.com\/item_creation_studio"]}]}},"_links":{"self":[{"href":"https:\/\/itemcreationstudio.com\/en\/wp-json\/wp\/v2\/pages\/378","targetHints":{"allow":["GET"]}}],"collection":[{"href":"https:\/\/itemcreationstudio.com\/en\/wp-json\/wp\/v2\/pages"}],"about":[{"href":"https:\/\/itemcreationstudio.com\/en\/wp-json\/wp\/v2\/types\/page"}],"author":[{"embeddable":true,"href":"https:\/\/itemcreationstudio.com\/en\/wp-json\/wp\/v2\/users\/1"}],"replies":[{"embeddable":true,"href":"https:\/\/itemcreationstudio.com\/en\/wp-json\/wp\/v2\/comments?post=378"}],"version-history":[{"count":154,"href":"https:\/\/itemcreationstudio.com\/en\/wp-json\/wp\/v2\/pages\/378\/revisions"}],"predecessor-version":[{"id":1645,"href":"https:\/\/itemcreationstudio.com\/en\/wp-json\/wp\/v2\/pages\/378\/revisions\/1645"}],"wp:attachment":[{"href":"https:\/\/itemcreationstudio.com\/en\/wp-json\/wp\/v2\/media?parent=378"}],"curies":[{"name":"wp","href":"https:\/\/api.w.org\/{rel}","templated":true}]}}