{"id":329,"date":"2022-12-05T13:27:51","date_gmt":"2022-12-05T12:27:51","guid":{"rendered":"https:\/\/itemcreationstudio.com\/?post_type=product&#038;p=329"},"modified":"2023-04-19T19:37:36","modified_gmt":"2023-04-19T17:37:36","slug":"tbc_2_toolkit","status":"publish","type":"product","link":"https:\/\/itemcreationstudio.com\/en\/product\/tbc_2_toolkit\/","title":{"rendered":"The Botanical Collection : 2) Toolkit"},"content":{"rendered":"<p>Product features :<\/p>\n<p>- 37 isolated items<br \/>\n- PNG and PSD files<br \/>\n- Ready to use unique assets<br \/>\n- Fully editable<br \/>\n- High definition (up to 20.000px side size)<br \/>\n- Precise identification<br \/>\n- Editable shadows<br \/>\n- Drag and drop<br \/>\n- Adobe RGB colorimetric space (better greens)<\/p>","protected":false},"excerpt":{"rendered":"<p>This pack contains 37 items related to botanical practise and fieldwork.<\/p>\n<p>Files size: 10 Go zip, 17.5 Go unzip files<\/p>\n<p>It includes:<\/p>\n<p>- 5 magnifiers<br \/>\n- 1 magnifier case<br \/>\n- 4 notebooks<br \/>\n- 2 pens<br \/>\n- 1 pencil<br \/>\n&#8211; 1 criterium<br \/>\n- 2 rulers<br \/>\n- 3 clamps (2 singles and 3 packed)<br \/>\n- 1 shovel<br \/>\n- 1 tape<br \/>\n- 2 press boards (1 single and 4 packed)<br \/>\n- 2 presses<br \/>\n- 6 knives (open and closed positions)<br \/>\n&#8211; 2 portfolios<br \/>\n- 1 newspaper with plant<br \/>\n- 2 herbarium boards<\/p>","protected":false},"featured_media":1781,"template":"","meta":[],"product_brand":[],"product_cat":[24],"product_tag":[],"class_list":{"0":"post-329","1":"product","2":"type-product","3":"status-publish","4":"has-post-thumbnail","6":"product_cat-the_botanical_collection","9":"first","10":"instock","11":"downloadable","12":"virtual","13":"purchasable","14":"product-type-simple"},"yoast_head":"<!-- This site is optimized with the Yoast SEO plugin v27.3 - https:\/\/yoast.com\/product\/yoast-seo-wordpress\/ -->\n<title>The Botanical Collection : 2) Toolkit - Item Creation Studio<\/title>\n<meta name=\"robots\" content=\"index, follow, max-snippet:-1, max-image-preview:large, max-video-preview:-1\" \/>\n<link rel=\"canonical\" href=\"https:\/\/itemcreationstudio.com\/en\/product\/tbc_2_toolkit\/\" \/>\n<meta property=\"og:locale\" content=\"en_GB\" \/>\n<meta property=\"og:type\" content=\"article\" \/>\n<meta property=\"og:title\" content=\"The Botanical Collection : 2) Toolkit - Item Creation Studio\" \/>\n<meta property=\"og:description\" content=\"Ce pack contient 37 items associ\u00e9s \u00e0 la pratique de la botanique.  Poids des fichiers : 10 Go zipp\u00e9, 17,5 Go d\u00e9zipp\u00e9  Il inclut :  - 5 loupes - 1 \u00e9tui de loupe - 4 carnets de notes - 2 stylos - 1 crayon \u00e0 papier - 1 criterium - 2 r\u00e8gles - 3 pinces (2 seules et 3 group\u00e9es) - 1 pelle - 1 rouleau de scotch - 2 cartons de presse \u00e0 herbier (1 seul et 4 group\u00e9s) - 2 presses - 6 couteaux (positions ouvertes et ferm\u00e9es) - 2 portfolios - 1 journal avec plante - 2 planches d&#039;herbier\" \/>\n<meta property=\"og:url\" content=\"https:\/\/itemcreationstudio.com\/en\/product\/tbc_2_toolkit\/\" \/>\n<meta property=\"og:site_name\" content=\"Item Creation Studio\" \/>\n<meta property=\"article:publisher\" content=\"https:\/\/www.facebook.com\/profile.php?id=100086483683099\" \/>\n<meta property=\"article:modified_time\" content=\"2023-04-19T17:37:36+00:00\" \/>\n<meta property=\"og:image\" content=\"https:\/\/itemcreationstudio.com\/wp-content\/uploads\/2023\/04\/1-Presentation-1.png\" \/>\n\t<meta property=\"og:image:width\" content=\"800\" \/>\n\t<meta property=\"og:image:height\" content=\"534\" \/>\n\t<meta property=\"og:image:type\" content=\"image\/png\" \/>\n<meta name=\"twitter:card\" content=\"summary_large_image\" \/>\n<meta name=\"twitter:label1\" content=\"Estimated reading time\" \/>\n\t<meta name=\"twitter:data1\" content=\"1 minute\" \/>\n<script type=\"application\/ld+json\" class=\"yoast-schema-graph\">{\"@context\":\"https:\\\/\\\/schema.org\",\"@graph\":[{\"@type\":\"WebPage\",\"@id\":\"https:\\\/\\\/itemcreationstudio.com\\\/product\\\/tbc_2_toolkit\\\/\",\"url\":\"https:\\\/\\\/itemcreationstudio.com\\\/product\\\/tbc_2_toolkit\\\/\",\"name\":\"The Botanical Collection : 2) Toolkit - Item Creation Studio\",\"isPartOf\":{\"@id\":\"https:\\\/\\\/itemcreationstudio.com\\\/#website\"},\"primaryImageOfPage\":{\"@id\":\"https:\\\/\\\/itemcreationstudio.com\\\/product\\\/tbc_2_toolkit\\\/#primaryimage\"},\"image\":{\"@id\":\"https:\\\/\\\/itemcreationstudio.com\\\/product\\\/tbc_2_toolkit\\\/#primaryimage\"},\"thumbnailUrl\":\"https:\\\/\\\/itemcreationstudio.com\\\/wp-content\\\/uploads\\\/2023\\\/04\\\/1-Presentation-1.png\",\"datePublished\":\"2022-12-05T12:27:51+00:00\",\"dateModified\":\"2023-04-19T17:37:36+00:00\",\"breadcrumb\":{\"@id\":\"https:\\\/\\\/itemcreationstudio.com\\\/product\\\/tbc_2_toolkit\\\/#breadcrumb\"},\"inLanguage\":\"en-GB\",\"potentialAction\":[{\"@type\":\"ReadAction\",\"target\":[\"https:\\\/\\\/itemcreationstudio.com\\\/product\\\/tbc_2_toolkit\\\/\"]}]},{\"@type\":\"ImageObject\",\"inLanguage\":\"en-GB\",\"@id\":\"https:\\\/\\\/itemcreationstudio.com\\\/product\\\/tbc_2_toolkit\\\/#primaryimage\",\"url\":\"https:\\\/\\\/itemcreationstudio.com\\\/wp-content\\\/uploads\\\/2023\\\/04\\\/1-Presentation-1.png\",\"contentUrl\":\"https:\\\/\\\/itemcreationstudio.com\\\/wp-content\\\/uploads\\\/2023\\\/04\\\/1-Presentation-1.png\",\"width\":800,\"height\":534},{\"@type\":\"BreadcrumbList\",\"@id\":\"https:\\\/\\\/itemcreationstudio.com\\\/product\\\/tbc_2_toolkit\\\/#breadcrumb\",\"itemListElement\":[{\"@type\":\"ListItem\",\"position\":1,\"name\":\"Accueil\",\"item\":\"https:\\\/\\\/itemcreationstudio.com\\\/\"},{\"@type\":\"ListItem\",\"position\":2,\"name\":\"Shop\",\"item\":\"https:\\\/\\\/itemcreationstudio.com\\\/shop\\\/\"},{\"@type\":\"ListItem\",\"position\":3,\"name\":\"The Botanical Collection : 2) Toolkit\"}]},{\"@type\":\"WebSite\",\"@id\":\"https:\\\/\\\/itemcreationstudio.com\\\/#website\",\"url\":\"https:\\\/\\\/itemcreationstudio.com\\\/\",\"name\":\"Item Creation Studio\",\"description\":\"Unique digital assets\",\"publisher\":{\"@id\":\"https:\\\/\\\/itemcreationstudio.com\\\/#organization\"},\"potentialAction\":[{\"@type\":\"SearchAction\",\"target\":{\"@type\":\"EntryPoint\",\"urlTemplate\":\"https:\\\/\\\/itemcreationstudio.com\\\/?s={search_term_string}\"},\"query-input\":{\"@type\":\"PropertyValueSpecification\",\"valueRequired\":true,\"valueName\":\"search_term_string\"}}],\"inLanguage\":\"en-GB\"},{\"@type\":\"Organization\",\"@id\":\"https:\\\/\\\/itemcreationstudio.com\\\/#organization\",\"name\":\"Item Creation Studio\",\"url\":\"https:\\\/\\\/itemcreationstudio.com\\\/\",\"logo\":{\"@type\":\"ImageObject\",\"inLanguage\":\"en-GB\",\"@id\":\"https:\\\/\\\/itemcreationstudio.com\\\/#\\\/schema\\\/logo\\\/image\\\/\",\"url\":\"https:\\\/\\\/itemcreationstudio.com\\\/wp-content\\\/uploads\\\/2022\\\/12\\\/logoSitePetit.png\",\"contentUrl\":\"https:\\\/\\\/itemcreationstudio.com\\\/wp-content\\\/uploads\\\/2022\\\/12\\\/logoSitePetit.png\",\"width\":500,\"height\":280,\"caption\":\"Item Creation Studio\"},\"image\":{\"@id\":\"https:\\\/\\\/itemcreationstudio.com\\\/#\\\/schema\\\/logo\\\/image\\\/\"},\"sameAs\":[\"https:\\\/\\\/www.facebook.com\\\/profile.php?id=100086483683099\",\"https:\\\/\\\/www.behance.net\\\/itemcreationstudio\",\"https:\\\/\\\/www.instagram.com\\\/item_creation_studio\"]}]}<\/script>\n<!-- \/ Yoast SEO plugin. -->","yoast_head_json":{"title":"The Botanical Collection : 2) Toolkit - Item Creation Studio","robots":{"index":"index","follow":"follow","max-snippet":"max-snippet:-1","max-image-preview":"max-image-preview:large","max-video-preview":"max-video-preview:-1"},"canonical":"https:\/\/itemcreationstudio.com\/en\/product\/tbc_2_toolkit\/","og_locale":"en_GB","og_type":"article","og_title":"The Botanical Collection : 2) Toolkit - Item Creation Studio","og_description":"Ce pack contient 37 items associ\u00e9s \u00e0 la pratique de la botanique.  Poids des fichiers : 10 Go zipp\u00e9, 17,5 Go d\u00e9zipp\u00e9  Il inclut :  - 5 loupes - 1 \u00e9tui de loupe - 4 carnets de notes - 2 stylos - 1 crayon \u00e0 papier - 1 criterium - 2 r\u00e8gles - 3 pinces (2 seules et 3 group\u00e9es) - 1 pelle - 1 rouleau de scotch - 2 cartons de presse \u00e0 herbier (1 seul et 4 group\u00e9s) - 2 presses - 6 couteaux (positions ouvertes et ferm\u00e9es) - 2 portfolios - 1 journal avec plante - 2 planches d'herbier","og_url":"https:\/\/itemcreationstudio.com\/en\/product\/tbc_2_toolkit\/","og_site_name":"Item Creation Studio","article_publisher":"https:\/\/www.facebook.com\/profile.php?id=100086483683099","article_modified_time":"2023-04-19T17:37:36+00:00","og_image":[{"width":800,"height":534,"url":"https:\/\/itemcreationstudio.com\/wp-content\/uploads\/2023\/04\/1-Presentation-1.png","type":"image\/png"}],"twitter_card":"summary_large_image","twitter_misc":{"Estimated reading time":"1 minute"},"schema":{"@context":"https:\/\/schema.org","@graph":[{"@type":"WebPage","@id":"https:\/\/itemcreationstudio.com\/product\/tbc_2_toolkit\/","url":"https:\/\/itemcreationstudio.com\/product\/tbc_2_toolkit\/","name":"The Botanical Collection : 2) Toolkit - Item Creation Studio","isPartOf":{"@id":"https:\/\/itemcreationstudio.com\/#website"},"primaryImageOfPage":{"@id":"https:\/\/itemcreationstudio.com\/product\/tbc_2_toolkit\/#primaryimage"},"image":{"@id":"https:\/\/itemcreationstudio.com\/product\/tbc_2_toolkit\/#primaryimage"},"thumbnailUrl":"https:\/\/itemcreationstudio.com\/wp-content\/uploads\/2023\/04\/1-Presentation-1.png","datePublished":"2022-12-05T12:27:51+00:00","dateModified":"2023-04-19T17:37:36+00:00","breadcrumb":{"@id":"https:\/\/itemcreationstudio.com\/product\/tbc_2_toolkit\/#breadcrumb"},"inLanguage":"en-GB","potentialAction":[{"@type":"ReadAction","target":["https:\/\/itemcreationstudio.com\/product\/tbc_2_toolkit\/"]}]},{"@type":"ImageObject","inLanguage":"en-GB","@id":"https:\/\/itemcreationstudio.com\/product\/tbc_2_toolkit\/#primaryimage","url":"https:\/\/itemcreationstudio.com\/wp-content\/uploads\/2023\/04\/1-Presentation-1.png","contentUrl":"https:\/\/itemcreationstudio.com\/wp-content\/uploads\/2023\/04\/1-Presentation-1.png","width":800,"height":534},{"@type":"BreadcrumbList","@id":"https:\/\/itemcreationstudio.com\/product\/tbc_2_toolkit\/#breadcrumb","itemListElement":[{"@type":"ListItem","position":1,"name":"Accueil","item":"https:\/\/itemcreationstudio.com\/"},{"@type":"ListItem","position":2,"name":"Shop","item":"https:\/\/itemcreationstudio.com\/shop\/"},{"@type":"ListItem","position":3,"name":"The Botanical Collection : 2) Toolkit"}]},{"@type":"WebSite","@id":"https:\/\/itemcreationstudio.com\/#website","url":"https:\/\/itemcreationstudio.com\/","name":"Item Creation Studio","description":"Unique digital assets","publisher":{"@id":"https:\/\/itemcreationstudio.com\/#organization"},"potentialAction":[{"@type":"SearchAction","target":{"@type":"EntryPoint","urlTemplate":"https:\/\/itemcreationstudio.com\/?s={search_term_string}"},"query-input":{"@type":"PropertyValueSpecification","valueRequired":true,"valueName":"search_term_string"}}],"inLanguage":"en-GB"},{"@type":"Organization","@id":"https:\/\/itemcreationstudio.com\/#organization","name":"Item Creation Studio","url":"https:\/\/itemcreationstudio.com\/","logo":{"@type":"ImageObject","inLanguage":"en-GB","@id":"https:\/\/itemcreationstudio.com\/#\/schema\/logo\/image\/","url":"https:\/\/itemcreationstudio.com\/wp-content\/uploads\/2022\/12\/logoSitePetit.png","contentUrl":"https:\/\/itemcreationstudio.com\/wp-content\/uploads\/2022\/12\/logoSitePetit.png","width":500,"height":280,"caption":"Item Creation Studio"},"image":{"@id":"https:\/\/itemcreationstudio.com\/#\/schema\/logo\/image\/"},"sameAs":["https:\/\/www.facebook.com\/profile.php?id=100086483683099","https:\/\/www.behance.net\/itemcreationstudio","https:\/\/www.instagram.com\/item_creation_studio"]}]}},"_links":{"self":[{"href":"https:\/\/itemcreationstudio.com\/en\/wp-json\/wp\/v2\/product\/329","targetHints":{"allow":["GET"]}}],"collection":[{"href":"https:\/\/itemcreationstudio.com\/en\/wp-json\/wp\/v2\/product"}],"about":[{"href":"https:\/\/itemcreationstudio.com\/en\/wp-json\/wp\/v2\/types\/product"}],"wp:featuredmedia":[{"embeddable":true,"href":"https:\/\/itemcreationstudio.com\/en\/wp-json\/wp\/v2\/media\/1781"}],"wp:attachment":[{"href":"https:\/\/itemcreationstudio.com\/en\/wp-json\/wp\/v2\/media?parent=329"}],"wp:term":[{"taxonomy":"product_brand","embeddable":true,"href":"https:\/\/itemcreationstudio.com\/en\/wp-json\/wp\/v2\/product_brand?post=329"},{"taxonomy":"product_cat","embeddable":true,"href":"https:\/\/itemcreationstudio.com\/en\/wp-json\/wp\/v2\/product_cat?post=329"},{"taxonomy":"product_tag","embeddable":true,"href":"https:\/\/itemcreationstudio.com\/en\/wp-json\/wp\/v2\/product_tag?post=329"}],"curies":[{"name":"wp","href":"https:\/\/api.w.org\/{rel}","templated":true}]}}