{"id":622,"date":"2023-01-17T17:43:21","date_gmt":"2023-01-17T16:43:21","guid":{"rendered":"https:\/\/itemcreationstudio.com\/?post_type=product&#038;p=622"},"modified":"2023-04-19T19:49:13","modified_gmt":"2023-04-19T17:49:13","slug":"tbc_3_herbarium","status":"publish","type":"product","link":"https:\/\/itemcreationstudio.com\/en\/product\/tbc_3_herbarium\/","title":{"rendered":"The Botanical Collection : 3) Herbarium"},"content":{"rendered":"<p>Product features :<\/p>\n<p>- 20 herbarium boards<br \/>\n- 48 isolated items<br \/>\n- PNG and PSD files<br \/>\n- Ready to use unique assets<br \/>\n- Fully editable<br \/>\n- High definition (up to 25.000px side size)<br \/>\n- Precise identification (scientific and vernacular names)<br \/>\n- Drag and drop<br \/>\n- Adobe RGB colorimetric space (better greens)<\/p>","protected":false},"excerpt":{"rendered":"<p>This pack contains 20 different herbarium boards for a total of 48 isolated items (entire plant, flower, leaves).<br \/>\nAll species come from Western Europe. Herbarium boards titles are both in English and French.<\/p>\n<p>Files size: 8.7 Go zip, 13 Go unzip files<\/p>\n<p>It includes:<br \/>\n&#8211; <em>Adoxa moschatellina<\/em> - Bulbous fumitory<br \/>\n&#8211; <em>Allium ursinum<\/em> - Wild garlic<br \/>\n&#8211; <em>Anemone hepatica<\/em> - Leaverleaf<br \/>\n&#8211; <em>Astrantia major<\/em> - Astrantia<br \/>\n&#8211; <em>Caltha palustris<\/em> - Marsh marigold<br \/>\n&#8211; <em>Catananche caerulea<\/em> - Blue cupidone<br \/>\n&#8211; <em>Convallaria majalis<\/em> - Lily-of-the-valley<br \/>\n&#8211; <em>Corydalis cava<\/em> - Hollowroot<br \/>\n&#8211; <em>Cytisus scoparius<\/em> - Broom<br \/>\n&#8211; <em>Daphne laureola<\/em> - Spurge laurel<br \/>\n&#8211; <em>Fagus sylvatica<\/em> - Beech<br \/>\n&#8211; <em>Glechoma hederacea<\/em> - Ground ivy<br \/>\n&#8211; <em>Leucojum vernum<\/em> - Spring snowflake<br \/>\n&#8211; <em>Polygonatum multiflorum<\/em> - Solomon's seal<br \/>\n&#8211; <em>Primula veris<\/em> - Cowslip<br \/>\n&#8211; <em>Rhododendron ferrugineum<\/em> - Alpine rose<br \/>\n&#8211; <em>Scilla bifolia<\/em> - Alpine squill<br \/>\n&#8211; <em>Tanacetum corymbosum<\/em> - Corymbflower tansy<br \/>\n&#8211; <em>Vinca major<\/em> - Bigleaf periwinkle<br \/>\n&#8211; <em>Vinca minor<\/em> - Common periwinkle<\/p>","protected":false},"featured_media":1784,"template":"","meta":[],"product_brand":[],"product_cat":[24],"product_tag":[],"class_list":{"0":"post-622","1":"product","2":"type-product","3":"status-publish","4":"has-post-thumbnail","6":"product_cat-the_botanical_collection","9":"first","10":"instock","11":"downloadable","12":"virtual","13":"purchasable","14":"product-type-simple"},"yoast_head":"<!-- This site is optimized with the Yoast SEO plugin v27.4 - https:\/\/yoast.com\/product\/yoast-seo-wordpress\/ -->\n<title>The Botanical Collection : 3) Herbarium - Item Creation Studio<\/title>\n<meta name=\"robots\" content=\"index, follow, max-snippet:-1, max-image-preview:large, max-video-preview:-1\" \/>\n<link rel=\"canonical\" href=\"https:\/\/itemcreationstudio.com\/en\/product\/tbc_3_herbarium\/\" \/>\n<meta property=\"og:locale\" content=\"en_GB\" \/>\n<meta property=\"og:type\" content=\"article\" \/>\n<meta property=\"og:title\" content=\"The Botanical Collection : 3) Herbarium - Item Creation Studio\" \/>\n<meta property=\"og:description\" content=\"Ce pack contient 20 planches d&#039;herbier diff\u00e9rentes pour un total de 48 items isol\u00e9s (plante enti\u00e8re, fleurs, feuilles). Toutes les plantes proviennent d&#039;Europe de l&#039;ouest. Les titres des planches sont en fran\u00e7ais et en anglais.  Poids des fichiers : 8,7 Go zipp\u00e9, 13 Go d\u00e9zipp\u00e9  Il inclut : - Adoxa moschatellina - Moschatelline - Allium ursinum - Ail des ours - Anemone hepatica - H\u00e9patique - Astrantia major - Grande astrance - Caltha palustris - Populage des marais - Catananche caerulea - Catananche bleue - Convallaria majalis - Muguet - Corydalis cava - Corydale creuse - Cytisus scoparius - Gen\u00eat \u00e0 balais - Daphne laureola - Laurier des bois - Fagus sylvatica - H\u00eatre - Glechoma hederacea - Gl\u00e9chome lierre terrestre - Leucojum vernum - Niv\u00e9ole de printemps - Polygonatum multiflorum - Sceau de Salomon multiflore - Primula veris - Primev\u00e8re officinale - Rhododendron ferrugineum - Rhododendron ferrugineux - Scilla bifolia - Scille \u00e0 deux feuilles - Tanacetum corymbosum - Tanaisie en corymbe - Vinca major - Grande pervenche - Vinca minor - Petite pervenche\" \/>\n<meta property=\"og:url\" content=\"https:\/\/itemcreationstudio.com\/en\/product\/tbc_3_herbarium\/\" \/>\n<meta property=\"og:site_name\" content=\"Item Creation Studio\" \/>\n<meta property=\"article:publisher\" content=\"https:\/\/www.facebook.com\/profile.php?id=100086483683099\" \/>\n<meta property=\"article:modified_time\" content=\"2023-04-19T17:49:13+00:00\" \/>\n<meta property=\"og:image\" content=\"https:\/\/itemcreationstudio.com\/wp-content\/uploads\/2023\/04\/1-Presentation-2.png\" \/>\n\t<meta property=\"og:image:width\" content=\"800\" \/>\n\t<meta property=\"og:image:height\" content=\"534\" \/>\n\t<meta property=\"og:image:type\" content=\"image\/png\" \/>\n<meta name=\"twitter:card\" content=\"summary_large_image\" \/>\n<meta name=\"twitter:label1\" content=\"Estimated reading time\" \/>\n\t<meta name=\"twitter:data1\" content=\"1 minute\" \/>\n<script type=\"application\/ld+json\" class=\"yoast-schema-graph\">{\"@context\":\"https:\\\/\\\/schema.org\",\"@graph\":[{\"@type\":\"WebPage\",\"@id\":\"https:\\\/\\\/itemcreationstudio.com\\\/product\\\/tbc_3_herbarium\\\/\",\"url\":\"https:\\\/\\\/itemcreationstudio.com\\\/product\\\/tbc_3_herbarium\\\/\",\"name\":\"The Botanical Collection : 3) Herbarium - Item Creation Studio\",\"isPartOf\":{\"@id\":\"https:\\\/\\\/itemcreationstudio.com\\\/#website\"},\"primaryImageOfPage\":{\"@id\":\"https:\\\/\\\/itemcreationstudio.com\\\/product\\\/tbc_3_herbarium\\\/#primaryimage\"},\"image\":{\"@id\":\"https:\\\/\\\/itemcreationstudio.com\\\/product\\\/tbc_3_herbarium\\\/#primaryimage\"},\"thumbnailUrl\":\"https:\\\/\\\/itemcreationstudio.com\\\/wp-content\\\/uploads\\\/2023\\\/04\\\/1-Presentation-2.png\",\"datePublished\":\"2023-01-17T16:43:21+00:00\",\"dateModified\":\"2023-04-19T17:49:13+00:00\",\"breadcrumb\":{\"@id\":\"https:\\\/\\\/itemcreationstudio.com\\\/product\\\/tbc_3_herbarium\\\/#breadcrumb\"},\"inLanguage\":\"en-GB\",\"potentialAction\":[{\"@type\":\"ReadAction\",\"target\":[\"https:\\\/\\\/itemcreationstudio.com\\\/product\\\/tbc_3_herbarium\\\/\"]}]},{\"@type\":\"ImageObject\",\"inLanguage\":\"en-GB\",\"@id\":\"https:\\\/\\\/itemcreationstudio.com\\\/product\\\/tbc_3_herbarium\\\/#primaryimage\",\"url\":\"https:\\\/\\\/itemcreationstudio.com\\\/wp-content\\\/uploads\\\/2023\\\/04\\\/1-Presentation-2.png\",\"contentUrl\":\"https:\\\/\\\/itemcreationstudio.com\\\/wp-content\\\/uploads\\\/2023\\\/04\\\/1-Presentation-2.png\",\"width\":800,\"height\":534},{\"@type\":\"BreadcrumbList\",\"@id\":\"https:\\\/\\\/itemcreationstudio.com\\\/product\\\/tbc_3_herbarium\\\/#breadcrumb\",\"itemListElement\":[{\"@type\":\"ListItem\",\"position\":1,\"name\":\"Accueil\",\"item\":\"https:\\\/\\\/itemcreationstudio.com\\\/\"},{\"@type\":\"ListItem\",\"position\":2,\"name\":\"Shop\",\"item\":\"https:\\\/\\\/itemcreationstudio.com\\\/shop\\\/\"},{\"@type\":\"ListItem\",\"position\":3,\"name\":\"The Botanical Collection : 3) Herbarium\"}]},{\"@type\":\"WebSite\",\"@id\":\"https:\\\/\\\/itemcreationstudio.com\\\/#website\",\"url\":\"https:\\\/\\\/itemcreationstudio.com\\\/\",\"name\":\"Item Creation Studio\",\"description\":\"Unique digital assets\",\"publisher\":{\"@id\":\"https:\\\/\\\/itemcreationstudio.com\\\/#organization\"},\"potentialAction\":[{\"@type\":\"SearchAction\",\"target\":{\"@type\":\"EntryPoint\",\"urlTemplate\":\"https:\\\/\\\/itemcreationstudio.com\\\/?s={search_term_string}\"},\"query-input\":{\"@type\":\"PropertyValueSpecification\",\"valueRequired\":true,\"valueName\":\"search_term_string\"}}],\"inLanguage\":\"en-GB\"},{\"@type\":\"Organization\",\"@id\":\"https:\\\/\\\/itemcreationstudio.com\\\/#organization\",\"name\":\"Item Creation Studio\",\"url\":\"https:\\\/\\\/itemcreationstudio.com\\\/\",\"logo\":{\"@type\":\"ImageObject\",\"inLanguage\":\"en-GB\",\"@id\":\"https:\\\/\\\/itemcreationstudio.com\\\/#\\\/schema\\\/logo\\\/image\\\/\",\"url\":\"https:\\\/\\\/itemcreationstudio.com\\\/wp-content\\\/uploads\\\/2022\\\/12\\\/logoSitePetit.png\",\"contentUrl\":\"https:\\\/\\\/itemcreationstudio.com\\\/wp-content\\\/uploads\\\/2022\\\/12\\\/logoSitePetit.png\",\"width\":500,\"height\":280,\"caption\":\"Item Creation Studio\"},\"image\":{\"@id\":\"https:\\\/\\\/itemcreationstudio.com\\\/#\\\/schema\\\/logo\\\/image\\\/\"},\"sameAs\":[\"https:\\\/\\\/www.facebook.com\\\/profile.php?id=100086483683099\",\"https:\\\/\\\/www.behance.net\\\/itemcreationstudio\",\"https:\\\/\\\/www.instagram.com\\\/item_creation_studio\"]}]}<\/script>\n<!-- \/ Yoast SEO plugin. -->","yoast_head_json":{"title":"The Botanical Collection : 3) Herbarium - Item Creation Studio","robots":{"index":"index","follow":"follow","max-snippet":"max-snippet:-1","max-image-preview":"max-image-preview:large","max-video-preview":"max-video-preview:-1"},"canonical":"https:\/\/itemcreationstudio.com\/en\/product\/tbc_3_herbarium\/","og_locale":"en_GB","og_type":"article","og_title":"The Botanical Collection : 3) Herbarium - Item Creation Studio","og_description":"Ce pack contient 20 planches d'herbier diff\u00e9rentes pour un total de 48 items isol\u00e9s (plante enti\u00e8re, fleurs, feuilles). Toutes les plantes proviennent d'Europe de l'ouest. Les titres des planches sont en fran\u00e7ais et en anglais.  Poids des fichiers : 8,7 Go zipp\u00e9, 13 Go d\u00e9zipp\u00e9  Il inclut : - Adoxa moschatellina - Moschatelline - Allium ursinum - Ail des ours - Anemone hepatica - H\u00e9patique - Astrantia major - Grande astrance - Caltha palustris - Populage des marais - Catananche caerulea - Catananche bleue - Convallaria majalis - Muguet - Corydalis cava - Corydale creuse - Cytisus scoparius - Gen\u00eat \u00e0 balais - Daphne laureola - Laurier des bois - Fagus sylvatica - H\u00eatre - Glechoma hederacea - Gl\u00e9chome lierre terrestre - Leucojum vernum - Niv\u00e9ole de printemps - Polygonatum multiflorum - Sceau de Salomon multiflore - Primula veris - Primev\u00e8re officinale - Rhododendron ferrugineum - Rhododendron ferrugineux - Scilla bifolia - Scille \u00e0 deux feuilles - Tanacetum corymbosum - Tanaisie en corymbe - Vinca major - Grande pervenche - Vinca minor - Petite pervenche","og_url":"https:\/\/itemcreationstudio.com\/en\/product\/tbc_3_herbarium\/","og_site_name":"Item Creation Studio","article_publisher":"https:\/\/www.facebook.com\/profile.php?id=100086483683099","article_modified_time":"2023-04-19T17:49:13+00:00","og_image":[{"width":800,"height":534,"url":"https:\/\/itemcreationstudio.com\/wp-content\/uploads\/2023\/04\/1-Presentation-2.png","type":"image\/png"}],"twitter_card":"summary_large_image","twitter_misc":{"Estimated reading time":"1 minute"},"schema":{"@context":"https:\/\/schema.org","@graph":[{"@type":"WebPage","@id":"https:\/\/itemcreationstudio.com\/product\/tbc_3_herbarium\/","url":"https:\/\/itemcreationstudio.com\/product\/tbc_3_herbarium\/","name":"The Botanical Collection : 3) Herbarium - Item Creation Studio","isPartOf":{"@id":"https:\/\/itemcreationstudio.com\/#website"},"primaryImageOfPage":{"@id":"https:\/\/itemcreationstudio.com\/product\/tbc_3_herbarium\/#primaryimage"},"image":{"@id":"https:\/\/itemcreationstudio.com\/product\/tbc_3_herbarium\/#primaryimage"},"thumbnailUrl":"https:\/\/itemcreationstudio.com\/wp-content\/uploads\/2023\/04\/1-Presentation-2.png","datePublished":"2023-01-17T16:43:21+00:00","dateModified":"2023-04-19T17:49:13+00:00","breadcrumb":{"@id":"https:\/\/itemcreationstudio.com\/product\/tbc_3_herbarium\/#breadcrumb"},"inLanguage":"en-GB","potentialAction":[{"@type":"ReadAction","target":["https:\/\/itemcreationstudio.com\/product\/tbc_3_herbarium\/"]}]},{"@type":"ImageObject","inLanguage":"en-GB","@id":"https:\/\/itemcreationstudio.com\/product\/tbc_3_herbarium\/#primaryimage","url":"https:\/\/itemcreationstudio.com\/wp-content\/uploads\/2023\/04\/1-Presentation-2.png","contentUrl":"https:\/\/itemcreationstudio.com\/wp-content\/uploads\/2023\/04\/1-Presentation-2.png","width":800,"height":534},{"@type":"BreadcrumbList","@id":"https:\/\/itemcreationstudio.com\/product\/tbc_3_herbarium\/#breadcrumb","itemListElement":[{"@type":"ListItem","position":1,"name":"Accueil","item":"https:\/\/itemcreationstudio.com\/"},{"@type":"ListItem","position":2,"name":"Shop","item":"https:\/\/itemcreationstudio.com\/shop\/"},{"@type":"ListItem","position":3,"name":"The Botanical Collection : 3) Herbarium"}]},{"@type":"WebSite","@id":"https:\/\/itemcreationstudio.com\/#website","url":"https:\/\/itemcreationstudio.com\/","name":"Item Creation Studio","description":"Unique digital assets","publisher":{"@id":"https:\/\/itemcreationstudio.com\/#organization"},"potentialAction":[{"@type":"SearchAction","target":{"@type":"EntryPoint","urlTemplate":"https:\/\/itemcreationstudio.com\/?s={search_term_string}"},"query-input":{"@type":"PropertyValueSpecification","valueRequired":true,"valueName":"search_term_string"}}],"inLanguage":"en-GB"},{"@type":"Organization","@id":"https:\/\/itemcreationstudio.com\/#organization","name":"Item Creation Studio","url":"https:\/\/itemcreationstudio.com\/","logo":{"@type":"ImageObject","inLanguage":"en-GB","@id":"https:\/\/itemcreationstudio.com\/#\/schema\/logo\/image\/","url":"https:\/\/itemcreationstudio.com\/wp-content\/uploads\/2022\/12\/logoSitePetit.png","contentUrl":"https:\/\/itemcreationstudio.com\/wp-content\/uploads\/2022\/12\/logoSitePetit.png","width":500,"height":280,"caption":"Item Creation Studio"},"image":{"@id":"https:\/\/itemcreationstudio.com\/#\/schema\/logo\/image\/"},"sameAs":["https:\/\/www.facebook.com\/profile.php?id=100086483683099","https:\/\/www.behance.net\/itemcreationstudio","https:\/\/www.instagram.com\/item_creation_studio"]}]}},"_links":{"self":[{"href":"https:\/\/itemcreationstudio.com\/en\/wp-json\/wp\/v2\/product\/622","targetHints":{"allow":["GET"]}}],"collection":[{"href":"https:\/\/itemcreationstudio.com\/en\/wp-json\/wp\/v2\/product"}],"about":[{"href":"https:\/\/itemcreationstudio.com\/en\/wp-json\/wp\/v2\/types\/product"}],"wp:featuredmedia":[{"embeddable":true,"href":"https:\/\/itemcreationstudio.com\/en\/wp-json\/wp\/v2\/media\/1784"}],"wp:attachment":[{"href":"https:\/\/itemcreationstudio.com\/en\/wp-json\/wp\/v2\/media?parent=622"}],"wp:term":[{"taxonomy":"product_brand","embeddable":true,"href":"https:\/\/itemcreationstudio.com\/en\/wp-json\/wp\/v2\/product_brand?post=622"},{"taxonomy":"product_cat","embeddable":true,"href":"https:\/\/itemcreationstudio.com\/en\/wp-json\/wp\/v2\/product_cat?post=622"},{"taxonomy":"product_tag","embeddable":true,"href":"https:\/\/itemcreationstudio.com\/en\/wp-json\/wp\/v2\/product_tag?post=622"}],"curies":[{"name":"wp","href":"https:\/\/api.w.org\/{rel}","templated":true}]}}