{"id":85,"date":"2022-12-03T16:55:41","date_gmt":"2022-12-03T15:55:41","guid":{"rendered":"https:\/\/itemcreationstudio.com\/?post_type=product&#038;p=85"},"modified":"2023-04-19T19:39:05","modified_gmt":"2023-04-19T17:39:05","slug":"tbc_1_botanical_discovery","status":"publish","type":"product","link":"https:\/\/itemcreationstudio.com\/en\/product\/tbc_1_botanical_discovery\/","title":{"rendered":"The Botanical Collection : 1) Botanical discovery"},"content":{"rendered":"<p>Product features :<\/p>\n<p>- 6 isolated items<br \/>\n- PNG and PSD files<br \/>\n- Ready to use unique assets<br \/>\n- Fully editable<br \/>\n- High definition (up to 20.000px side size)<br \/>\n- Precise identification<br \/>\n- Editable shadows<br \/>\n- Drag and drop<br \/>\n- Adobe RGB colorimetric space (better greens)<\/p>","protected":false},"excerpt":{"rendered":"<p>FREE starter pack among larger Botanical Collection.<br \/>\nFind perfect botanical images for your projects, mockups, prints, flyers, presentations, ads.<\/p>\n<p>All species come from Western Europe.<\/p>\n<p>Files size: 2.5 Go zip, 4 Go unzip files<\/p>\n<p>This pack includes 6 items:<br \/>\n- Wild garlic - <em>Allium ursinum<\/em><br \/>\n- Daisy - <em>Bellis perennis<\/em><br \/>\n- Japanese wisteria - <em>Wisteria floribunda<\/em><br \/>\n- Lichen : Tree moss - <em>Pseudevernia furfuracea<\/em><br \/>\n- Moss : <em>Tortella tortuosa<\/em><br \/>\n- Herbarium board : Lily-of-the-valley - <em>Convallaria majalis<\/em><\/p>","protected":false},"featured_media":1774,"template":"","meta":[],"product_brand":[],"product_cat":[24,22],"product_tag":[],"class_list":{"0":"post-85","1":"product","2":"type-product","3":"status-publish","4":"has-post-thumbnail","6":"product_cat-the_botanical_collection","7":"product_cat-freebies","10":"first","11":"instock","12":"downloadable","13":"virtual","14":"purchasable","15":"product-type-simple"},"yoast_head":"<!-- This site is optimized with the Yoast SEO plugin v27.3 - https:\/\/yoast.com\/product\/yoast-seo-wordpress\/ -->\n<title>The Botanical Collection : 1) Botanical discovery - Item Creation Studio<\/title>\n<meta name=\"robots\" content=\"index, follow, max-snippet:-1, max-image-preview:large, max-video-preview:-1\" \/>\n<link rel=\"canonical\" href=\"https:\/\/itemcreationstudio.com\/en\/product\/tbc_1_botanical_discovery\/\" \/>\n<meta property=\"og:locale\" content=\"en_GB\" \/>\n<meta property=\"og:type\" content=\"article\" \/>\n<meta property=\"og:title\" content=\"The Botanical Collection : 1) Botanical discovery - Item Creation Studio\" \/>\n<meta property=\"og:description\" content=\"Pack de d\u00e9couverte GRATUIT, inclus dans The Botanical Collection. Trouvez des images parfaites pour vos projets, mockups, impressions, flyers, pr\u00e9sentations, publicit\u00e9s.  Les esp\u00e8ces proviennent d&#039;Europe de l&#039;ouest.  Poids des fichiers : 2,5 Go zipp\u00e9, 4 Go d\u00e9zipp\u00e9  Ce pack inclut 6 items : - Ail des ours - Allium ursinum - P\u00e2querette - Bellis perennis - Glycine du Japon - Wisteria floribunda - Lichen : Mousse des arbres - Pseudevernia furfuracea - Mousse : Tortella tortuosa - Planche d&#039;herbier : Muguet - Convallaria majalis\" \/>\n<meta property=\"og:url\" content=\"https:\/\/itemcreationstudio.com\/en\/product\/tbc_1_botanical_discovery\/\" \/>\n<meta property=\"og:site_name\" content=\"Item Creation Studio\" \/>\n<meta property=\"article:publisher\" content=\"https:\/\/www.facebook.com\/profile.php?id=100086483683099\" \/>\n<meta property=\"article:modified_time\" content=\"2023-04-19T17:39:05+00:00\" \/>\n<meta property=\"og:image\" content=\"https:\/\/itemcreationstudio.com\/wp-content\/uploads\/2023\/04\/1-Presentation.png\" \/>\n\t<meta property=\"og:image:width\" content=\"800\" \/>\n\t<meta property=\"og:image:height\" content=\"534\" \/>\n\t<meta property=\"og:image:type\" content=\"image\/png\" \/>\n<meta name=\"twitter:card\" content=\"summary_large_image\" \/>\n<meta name=\"twitter:label1\" content=\"Estimated reading time\" \/>\n\t<meta name=\"twitter:data1\" content=\"1 minute\" \/>\n<script type=\"application\/ld+json\" class=\"yoast-schema-graph\">{\"@context\":\"https:\\\/\\\/schema.org\",\"@graph\":[{\"@type\":\"WebPage\",\"@id\":\"https:\\\/\\\/itemcreationstudio.com\\\/product\\\/tbc_1_botanical_discovery\\\/\",\"url\":\"https:\\\/\\\/itemcreationstudio.com\\\/product\\\/tbc_1_botanical_discovery\\\/\",\"name\":\"The Botanical Collection : 1) Botanical discovery - Item Creation Studio\",\"isPartOf\":{\"@id\":\"https:\\\/\\\/itemcreationstudio.com\\\/#website\"},\"primaryImageOfPage\":{\"@id\":\"https:\\\/\\\/itemcreationstudio.com\\\/product\\\/tbc_1_botanical_discovery\\\/#primaryimage\"},\"image\":{\"@id\":\"https:\\\/\\\/itemcreationstudio.com\\\/product\\\/tbc_1_botanical_discovery\\\/#primaryimage\"},\"thumbnailUrl\":\"https:\\\/\\\/itemcreationstudio.com\\\/wp-content\\\/uploads\\\/2023\\\/04\\\/1-Presentation.png\",\"datePublished\":\"2022-12-03T15:55:41+00:00\",\"dateModified\":\"2023-04-19T17:39:05+00:00\",\"breadcrumb\":{\"@id\":\"https:\\\/\\\/itemcreationstudio.com\\\/product\\\/tbc_1_botanical_discovery\\\/#breadcrumb\"},\"inLanguage\":\"en-GB\",\"potentialAction\":[{\"@type\":\"ReadAction\",\"target\":[\"https:\\\/\\\/itemcreationstudio.com\\\/product\\\/tbc_1_botanical_discovery\\\/\"]}]},{\"@type\":\"ImageObject\",\"inLanguage\":\"en-GB\",\"@id\":\"https:\\\/\\\/itemcreationstudio.com\\\/product\\\/tbc_1_botanical_discovery\\\/#primaryimage\",\"url\":\"https:\\\/\\\/itemcreationstudio.com\\\/wp-content\\\/uploads\\\/2023\\\/04\\\/1-Presentation.png\",\"contentUrl\":\"https:\\\/\\\/itemcreationstudio.com\\\/wp-content\\\/uploads\\\/2023\\\/04\\\/1-Presentation.png\",\"width\":800,\"height\":534},{\"@type\":\"BreadcrumbList\",\"@id\":\"https:\\\/\\\/itemcreationstudio.com\\\/product\\\/tbc_1_botanical_discovery\\\/#breadcrumb\",\"itemListElement\":[{\"@type\":\"ListItem\",\"position\":1,\"name\":\"Accueil\",\"item\":\"https:\\\/\\\/itemcreationstudio.com\\\/\"},{\"@type\":\"ListItem\",\"position\":2,\"name\":\"Shop\",\"item\":\"https:\\\/\\\/itemcreationstudio.com\\\/shop\\\/\"},{\"@type\":\"ListItem\",\"position\":3,\"name\":\"The Botanical Collection : 1) Botanical discovery\"}]},{\"@type\":\"WebSite\",\"@id\":\"https:\\\/\\\/itemcreationstudio.com\\\/#website\",\"url\":\"https:\\\/\\\/itemcreationstudio.com\\\/\",\"name\":\"Item Creation Studio\",\"description\":\"Unique digital assets\",\"publisher\":{\"@id\":\"https:\\\/\\\/itemcreationstudio.com\\\/#organization\"},\"potentialAction\":[{\"@type\":\"SearchAction\",\"target\":{\"@type\":\"EntryPoint\",\"urlTemplate\":\"https:\\\/\\\/itemcreationstudio.com\\\/?s={search_term_string}\"},\"query-input\":{\"@type\":\"PropertyValueSpecification\",\"valueRequired\":true,\"valueName\":\"search_term_string\"}}],\"inLanguage\":\"en-GB\"},{\"@type\":\"Organization\",\"@id\":\"https:\\\/\\\/itemcreationstudio.com\\\/#organization\",\"name\":\"Item Creation Studio\",\"url\":\"https:\\\/\\\/itemcreationstudio.com\\\/\",\"logo\":{\"@type\":\"ImageObject\",\"inLanguage\":\"en-GB\",\"@id\":\"https:\\\/\\\/itemcreationstudio.com\\\/#\\\/schema\\\/logo\\\/image\\\/\",\"url\":\"https:\\\/\\\/itemcreationstudio.com\\\/wp-content\\\/uploads\\\/2022\\\/12\\\/logoSitePetit.png\",\"contentUrl\":\"https:\\\/\\\/itemcreationstudio.com\\\/wp-content\\\/uploads\\\/2022\\\/12\\\/logoSitePetit.png\",\"width\":500,\"height\":280,\"caption\":\"Item Creation Studio\"},\"image\":{\"@id\":\"https:\\\/\\\/itemcreationstudio.com\\\/#\\\/schema\\\/logo\\\/image\\\/\"},\"sameAs\":[\"https:\\\/\\\/www.facebook.com\\\/profile.php?id=100086483683099\",\"https:\\\/\\\/www.behance.net\\\/itemcreationstudio\",\"https:\\\/\\\/www.instagram.com\\\/item_creation_studio\"]}]}<\/script>\n<!-- \/ Yoast SEO plugin. -->","yoast_head_json":{"title":"The Botanical Collection : 1) Botanical discovery - Item Creation Studio","robots":{"index":"index","follow":"follow","max-snippet":"max-snippet:-1","max-image-preview":"max-image-preview:large","max-video-preview":"max-video-preview:-1"},"canonical":"https:\/\/itemcreationstudio.com\/en\/product\/tbc_1_botanical_discovery\/","og_locale":"en_GB","og_type":"article","og_title":"The Botanical Collection : 1) Botanical discovery - Item Creation Studio","og_description":"Pack de d\u00e9couverte GRATUIT, inclus dans The Botanical Collection. Trouvez des images parfaites pour vos projets, mockups, impressions, flyers, pr\u00e9sentations, publicit\u00e9s.  Les esp\u00e8ces proviennent d'Europe de l'ouest.  Poids des fichiers : 2,5 Go zipp\u00e9, 4 Go d\u00e9zipp\u00e9  Ce pack inclut 6 items : - Ail des ours - Allium ursinum - P\u00e2querette - Bellis perennis - Glycine du Japon - Wisteria floribunda - Lichen : Mousse des arbres - Pseudevernia furfuracea - Mousse : Tortella tortuosa - Planche d'herbier : Muguet - Convallaria majalis","og_url":"https:\/\/itemcreationstudio.com\/en\/product\/tbc_1_botanical_discovery\/","og_site_name":"Item Creation Studio","article_publisher":"https:\/\/www.facebook.com\/profile.php?id=100086483683099","article_modified_time":"2023-04-19T17:39:05+00:00","og_image":[{"width":800,"height":534,"url":"https:\/\/itemcreationstudio.com\/wp-content\/uploads\/2023\/04\/1-Presentation.png","type":"image\/png"}],"twitter_card":"summary_large_image","twitter_misc":{"Estimated reading time":"1 minute"},"schema":{"@context":"https:\/\/schema.org","@graph":[{"@type":"WebPage","@id":"https:\/\/itemcreationstudio.com\/product\/tbc_1_botanical_discovery\/","url":"https:\/\/itemcreationstudio.com\/product\/tbc_1_botanical_discovery\/","name":"The Botanical Collection : 1) Botanical discovery - Item Creation Studio","isPartOf":{"@id":"https:\/\/itemcreationstudio.com\/#website"},"primaryImageOfPage":{"@id":"https:\/\/itemcreationstudio.com\/product\/tbc_1_botanical_discovery\/#primaryimage"},"image":{"@id":"https:\/\/itemcreationstudio.com\/product\/tbc_1_botanical_discovery\/#primaryimage"},"thumbnailUrl":"https:\/\/itemcreationstudio.com\/wp-content\/uploads\/2023\/04\/1-Presentation.png","datePublished":"2022-12-03T15:55:41+00:00","dateModified":"2023-04-19T17:39:05+00:00","breadcrumb":{"@id":"https:\/\/itemcreationstudio.com\/product\/tbc_1_botanical_discovery\/#breadcrumb"},"inLanguage":"en-GB","potentialAction":[{"@type":"ReadAction","target":["https:\/\/itemcreationstudio.com\/product\/tbc_1_botanical_discovery\/"]}]},{"@type":"ImageObject","inLanguage":"en-GB","@id":"https:\/\/itemcreationstudio.com\/product\/tbc_1_botanical_discovery\/#primaryimage","url":"https:\/\/itemcreationstudio.com\/wp-content\/uploads\/2023\/04\/1-Presentation.png","contentUrl":"https:\/\/itemcreationstudio.com\/wp-content\/uploads\/2023\/04\/1-Presentation.png","width":800,"height":534},{"@type":"BreadcrumbList","@id":"https:\/\/itemcreationstudio.com\/product\/tbc_1_botanical_discovery\/#breadcrumb","itemListElement":[{"@type":"ListItem","position":1,"name":"Accueil","item":"https:\/\/itemcreationstudio.com\/"},{"@type":"ListItem","position":2,"name":"Shop","item":"https:\/\/itemcreationstudio.com\/shop\/"},{"@type":"ListItem","position":3,"name":"The Botanical Collection : 1) Botanical discovery"}]},{"@type":"WebSite","@id":"https:\/\/itemcreationstudio.com\/#website","url":"https:\/\/itemcreationstudio.com\/","name":"Item Creation Studio","description":"Unique digital assets","publisher":{"@id":"https:\/\/itemcreationstudio.com\/#organization"},"potentialAction":[{"@type":"SearchAction","target":{"@type":"EntryPoint","urlTemplate":"https:\/\/itemcreationstudio.com\/?s={search_term_string}"},"query-input":{"@type":"PropertyValueSpecification","valueRequired":true,"valueName":"search_term_string"}}],"inLanguage":"en-GB"},{"@type":"Organization","@id":"https:\/\/itemcreationstudio.com\/#organization","name":"Item Creation Studio","url":"https:\/\/itemcreationstudio.com\/","logo":{"@type":"ImageObject","inLanguage":"en-GB","@id":"https:\/\/itemcreationstudio.com\/#\/schema\/logo\/image\/","url":"https:\/\/itemcreationstudio.com\/wp-content\/uploads\/2022\/12\/logoSitePetit.png","contentUrl":"https:\/\/itemcreationstudio.com\/wp-content\/uploads\/2022\/12\/logoSitePetit.png","width":500,"height":280,"caption":"Item Creation Studio"},"image":{"@id":"https:\/\/itemcreationstudio.com\/#\/schema\/logo\/image\/"},"sameAs":["https:\/\/www.facebook.com\/profile.php?id=100086483683099","https:\/\/www.behance.net\/itemcreationstudio","https:\/\/www.instagram.com\/item_creation_studio"]}]}},"_links":{"self":[{"href":"https:\/\/itemcreationstudio.com\/en\/wp-json\/wp\/v2\/product\/85","targetHints":{"allow":["GET"]}}],"collection":[{"href":"https:\/\/itemcreationstudio.com\/en\/wp-json\/wp\/v2\/product"}],"about":[{"href":"https:\/\/itemcreationstudio.com\/en\/wp-json\/wp\/v2\/types\/product"}],"wp:featuredmedia":[{"embeddable":true,"href":"https:\/\/itemcreationstudio.com\/en\/wp-json\/wp\/v2\/media\/1774"}],"wp:attachment":[{"href":"https:\/\/itemcreationstudio.com\/en\/wp-json\/wp\/v2\/media?parent=85"}],"wp:term":[{"taxonomy":"product_brand","embeddable":true,"href":"https:\/\/itemcreationstudio.com\/en\/wp-json\/wp\/v2\/product_brand?post=85"},{"taxonomy":"product_cat","embeddable":true,"href":"https:\/\/itemcreationstudio.com\/en\/wp-json\/wp\/v2\/product_cat?post=85"},{"taxonomy":"product_tag","embeddable":true,"href":"https:\/\/itemcreationstudio.com\/en\/wp-json\/wp\/v2\/product_tag?post=85"}],"curies":[{"name":"wp","href":"https:\/\/api.w.org\/{rel}","templated":true}]}}